{"id":3321,"date":"2022-12-11T06:52:00","date_gmt":"2022-12-11T06:52:00","guid":{"rendered":"https:\/\/www.larsl.dk\/?page_id=3321"},"modified":"2023-01-17T18:17:04","modified_gmt":"2023-01-17T18:17:04","slug":"lokalguide","status":"publish","type":"page","link":"https:\/\/www.larsl.dk\/index.php\/lokalguide\/","title":{"rendered":"Lokalguide"},"content":{"rendered":"\t\t<div data-elementor-type=\"wp-page\" data-elementor-id=\"3321\" class=\"elementor elementor-3321\">\n\t\t\t\t\t\t<section class=\"elementor-section elementor-top-section elementor-element elementor-element-473d242 elementor-section-boxed elementor-section-height-default elementor-section-height-default\" data-id=\"473d242\" data-element_type=\"section\" data-e-type=\"section\">\n\t\t\t\t\t\t<div class=\"elementor-container elementor-column-gap-default\">\n\t\t\t\t\t<div class=\"elementor-column elementor-col-100 elementor-top-column elementor-element elementor-element-16958c4\" data-id=\"16958c4\" data-element_type=\"column\" data-e-type=\"column\">\n\t\t\t<div class=\"elementor-widget-wrap elementor-element-populated\">\n\t\t\t\t\t\t<section class=\"elementor-section elementor-inner-section elementor-element elementor-element-a8ce64d elementor-section-boxed elementor-section-height-default elementor-section-height-default\" data-id=\"a8ce64d\" data-element_type=\"section\" data-e-type=\"section\">\n\t\t\t\t\t\t<div class=\"elementor-container elementor-column-gap-default\">\n\t\t\t\t\t<div class=\"elementor-column elementor-col-100 elementor-inner-column elementor-element elementor-element-3d962b8\" data-id=\"3d962b8\" data-element_type=\"column\" data-e-type=\"column\">\n\t\t\t<div class=\"elementor-widget-wrap elementor-element-populated\">\n\t\t\t\t\t\t<div class=\"elementor-element elementor-element-bc8bb54 elementor-widget elementor-widget-text-editor\" data-id=\"bc8bb54\" data-element_type=\"widget\" data-e-type=\"widget\" data-widget_type=\"text-editor.default\">\n\t\t\t\t<div class=\"elementor-widget-container\">\n\t\t\t\t\t\t\t\t\t<h3>Hvad er en god guidet tur?<\/h3><p>Sp\u00f8rger du mig, s\u00e5 er det eventyrlyst og feriestemning. Det er at bruge tiden p\u00e5 de bedste sev\u00e6rdigheder \u2013 og at h\u00f8re de gode historier der h\u00f8rer til dem. Min opgave som lokalguide er at s\u00f8rge for at I ikke g\u00e5r glip af det bedste mens I er ude p\u00e5 tur.<\/p><p>Hvad er s\u00e5 de gode historier? Det er historien om det s\u00e6rlige ved det sted man bes\u00f8ger, ved landskabet, omr\u00e5det, byen eller huset. Hvilke personer har levet her \u2013 og hvad skete der med dem? Har der v\u00e6ret dramatiske begivenheder? Er der sagn eller legender knyttet til stedet?<\/p>\t\t\t\t\t\t\t\t<\/div>\n\t\t\t\t<\/div>\n\t\t\t\t<div class=\"elementor-element elementor-element-9cde5b5 elementor-widget elementor-widget-image\" data-id=\"9cde5b5\" data-element_type=\"widget\" data-e-type=\"widget\" data-widget_type=\"image.default\">\n\t\t\t\t<div class=\"elementor-widget-container\">\n\t\t\t\t\t\t\t\t\t\t\t\t<figure class=\"wp-caption\">\n\t\t\t\t\t\t\t\t\t\t<img fetchpriority=\"high\" decoding=\"async\" width=\"1920\" height=\"1891\" src=\"https:\/\/www.larsl.dk\/wp-content\/uploads\/2023\/01\/Egeskov.jpg\" class=\"attachment-full size-full wp-image-4536\" alt=\"\" srcset=\"https:\/\/www.larsl.dk\/wp-content\/uploads\/2023\/01\/Egeskov.jpg 1920w, https:\/\/www.larsl.dk\/wp-content\/uploads\/2023\/01\/Egeskov-300x295.jpg 300w, https:\/\/www.larsl.dk\/wp-content\/uploads\/2023\/01\/Egeskov-1024x1009.jpg 1024w, https:\/\/www.larsl.dk\/wp-content\/uploads\/2023\/01\/Egeskov-768x756.jpg 768w, https:\/\/www.larsl.dk\/wp-content\/uploads\/2023\/01\/Egeskov-1536x1513.jpg 1536w\" sizes=\"(max-width: 1920px) 100vw, 1920px\" \/>\t\t\t\t\t\t\t\t\t\t\t<figcaption class=\"widget-image-caption wp-caption-text\">Egeskov slot - set fra museumssiden - der hvor avlsbygningerne l\u00e5 i gamle dage.<\/figcaption>\n\t\t\t\t\t\t\t\t\t\t<\/figure>\n\t\t\t\t\t\t\t\t\t<\/div>\n\t\t\t\t<\/div>\n\t\t\t\t<div class=\"elementor-element elementor-element-91eb997 elementor-widget elementor-widget-text-editor\" data-id=\"91eb997\" data-element_type=\"widget\" data-e-type=\"widget\" data-widget_type=\"text-editor.default\">\n\t\t\t\t<div class=\"elementor-widget-container\">\n\t\t\t\t\t\t\t\t\t<h3>Eventyret ligger derude og venter p\u00e5 at du kommer<\/h3><p>Vidste du for eksempel, at det \u00e6ldste Egeskov tilh\u00f8rte en \u00e6gte s\u00f8r\u00f8ver ved navn\u00a0 Ludeke Skinkel? Det var tilbage p\u00e5 Dronning Margrethe den f\u00f8rstes tid. Dengang s\u00e5 Egeskov meget anderledes ud og l\u00e5 ogs\u00e5 et andet sted. P\u00e5 billedet ser du det andet Egeskov, som blev bygget ca. 175 \u00e5r senere. Slottet ses i baggrunden og portbygning + vandgrav i forgrunden.<\/p><p>Egeskov nummer 2 blev bygget som en rigtig borg &#8211; et tilflugtssted i urolige tider. Det gjaldt om at kunne forsvare sig effektivt mod angribere, det v\u00e6re sig landskn\u00e6gte, opr\u00f8rske b\u00f8nder eller simple r\u00f8verbander. S\u00e5 stedet var sikkert, men bestemt ikke et komfortabelt sted at bo. Der har v\u00e6ret koldt, klamt og trangt.<\/p><p>I dag er Egeskov ikke l\u00e6ngere en f\u00e6stning. Tilbage i f\u00e6stningens tid plejede kanonen at st\u00e5 i lugen oppe i portt\u00e5rnet, lige under uder uret. Man kan se stedet p\u00e5 billedet, men kanonen stritter ikke l\u00e6ngere. Og den kanon der st\u00e5r p\u00e5 gr\u00e6sset foran portbygningen er nyere og den er kun til pynt. \u00a0<\/p>\t\t\t\t\t\t\t\t<\/div>\n\t\t\t\t<\/div>\n\t\t\t\t\t<\/div>\n\t\t<\/div>\n\t\t\t\t\t<\/div>\n\t\t<\/section>\n\t\t\t\t<section class=\"elementor-section elementor-inner-section elementor-element elementor-element-8ad0cea elementor-section-boxed elementor-section-height-default elementor-section-height-default\" data-id=\"8ad0cea\" data-element_type=\"section\" data-e-type=\"section\">\n\t\t\t\t\t\t<div class=\"elementor-container elementor-column-gap-default\">\n\t\t\t\t\t<div class=\"elementor-column elementor-col-100 elementor-inner-column elementor-element elementor-element-4596182\" data-id=\"4596182\" data-element_type=\"column\" data-e-type=\"column\">\n\t\t\t<div class=\"elementor-widget-wrap elementor-element-populated\">\n\t\t\t\t\t\t<div class=\"elementor-element elementor-element-3817f03 elementor-widget elementor-widget-image\" data-id=\"3817f03\" data-element_type=\"widget\" data-e-type=\"widget\" data-widget_type=\"image.default\">\n\t\t\t\t<div class=\"elementor-widget-container\">\n\t\t\t\t\t\t\t\t\t\t\t\t<figure class=\"wp-caption\">\n\t\t\t\t\t\t\t\t\t\t<img decoding=\"async\" width=\"1920\" height=\"1659\" src=\"https:\/\/www.larsl.dk\/wp-content\/uploads\/2023\/01\/Syvaarssoeerne-sammen-med-Kaare-1.jpg\" class=\"attachment-full size-full wp-image-4200\" alt=\"\" srcset=\"https:\/\/www.larsl.dk\/wp-content\/uploads\/2023\/01\/Syvaarssoeerne-sammen-med-Kaare-1.jpg 1920w, https:\/\/www.larsl.dk\/wp-content\/uploads\/2023\/01\/Syvaarssoeerne-sammen-med-Kaare-1-300x259.jpg 300w, https:\/\/www.larsl.dk\/wp-content\/uploads\/2023\/01\/Syvaarssoeerne-sammen-med-Kaare-1-1024x885.jpg 1024w, https:\/\/www.larsl.dk\/wp-content\/uploads\/2023\/01\/Syvaarssoeerne-sammen-med-Kaare-1-768x664.jpg 768w, https:\/\/www.larsl.dk\/wp-content\/uploads\/2023\/01\/Syvaarssoeerne-sammen-med-Kaare-1-1536x1327.jpg 1536w\" sizes=\"(max-width: 1920px) 100vw, 1920px\" \/>\t\t\t\t\t\t\t\t\t\t\t<figcaption class=\"widget-image-caption wp-caption-text\">Syv\u00e5rss\u00f8erne og Randb\u00f8l Hede, jeg er guide sammen med kollega Kaare<\/figcaption>\n\t\t\t\t\t\t\t\t\t\t<\/figure>\n\t\t\t\t\t\t\t\t\t<\/div>\n\t\t\t\t<\/div>\n\t\t\t\t<div class=\"elementor-element elementor-element-486ae4d elementor-widget elementor-widget-text-editor\" data-id=\"486ae4d\" data-element_type=\"widget\" data-e-type=\"widget\" data-widget_type=\"text-editor.default\">\n\t\t\t\t<div class=\"elementor-widget-container\">\n\t\t\t\t\t\t\t\t\t<h3>Hvor guider jeg?<\/h3><p>Suset af eventyret kan faktisk h\u00f8res de fleste steder og jeg elsker at fort\u00e6lle om det. P\u00e5 den m\u00e5de er jeg klar til at hj\u00e6lpe jer med at bruge tiden rigtigt mens I er derude og f\u00e5 mest muligt ud af det. S\u00e5dan f\u00e5r I det bedste ud af turen og nogle gode minder med hjem.<\/p><p>Jeg guider mest p\u00e5 Fyn og selvf\u00f8lgelig kender jeg ogs\u00e5 andre omr\u00e5der i Danmark. Ved st\u00f8rre opgaver arbejder jeg ogs\u00e5 som rejseleder i Danmark. S\u00f8nderjylland og Vadehavet kender jeg s\u00e6rlig godt, for der har jeg boet i over 20 \u00e5r. Er der et bestemt sted du gerne vil bes\u00f8ge sammen med en guide? Mig for eksempel? S\u00e5 kan du sende en foresp\u00f8rgsel <a href=\"https:\/\/www.larsl.dk\/index.php\/kontakt-larsl\/kontaktformular\/\">HER:<\/a><\/p><h3>P\u00e5 Randb\u00f8l hede har naturen sin helt egen rytme.\u00a0<\/h3><p>P\u00e5 billedet er jeg p\u00e5 opgave sammen med lokalguide og naturvejleder Kaare. Her er det ham, der f\u00f8rer ordet lige her. Vi st\u00e5r p\u00e5 toppen at en ganske stor indlandsklit og Kaare er netop ved at forklare. Det er tidligt for\u00e5r, der er aftenstemning, og Syv\u00e5rss\u00f8erne er virkelig et m\u00e6rkeligt f\u00e6nomen.<\/p><p>Der er ikke altid en s\u00f8. I \u00e5revis kan der v\u00e6re t\u00f8rt og sandet. Men i 2020, 21 og 22 var der vand, og fuglene er kommet hertil i stort tal. Under lockdown i 2020 blev stedet et popul\u00e6rt udflugtsm\u00e5l &#8211; der kom faktisk s\u00e5 mange g\u00e6ster p\u00e5 de solrige forsommerdage, at politiet endte med at erkl\u00e6re det for corona hotspot og bede folk om at g\u00e5 et andet sted hen.<\/p><p>Kan vi stole p\u00e5 erfaringen, s\u00e5 vil s\u00f8en sive ned i undergrunden og forsvinde i l\u00f8bet af et par \u00e5r &#8211; og pible op og komme tilbage igen senere. T\u00e6nk p\u00e5 f\u00e6nomenet som et meget langsomt kuk-ur.<\/p>\t\t\t\t\t\t\t\t<\/div>\n\t\t\t\t<\/div>\n\t\t\t\t\t<\/div>\n\t\t<\/div>\n\t\t\t\t\t<\/div>\n\t\t<\/section>\n\t\t\t\t<section class=\"elementor-section elementor-inner-section elementor-element elementor-element-8623d38 elementor-section-boxed elementor-section-height-default elementor-section-height-default\" data-id=\"8623d38\" data-element_type=\"section\" data-e-type=\"section\">\n\t\t\t\t\t\t<div class=\"elementor-container elementor-column-gap-default\">\n\t\t\t\t\t<div class=\"elementor-column elementor-col-100 elementor-inner-column elementor-element elementor-element-23991ef\" data-id=\"23991ef\" data-element_type=\"column\" data-e-type=\"column\">\n\t\t\t<div class=\"elementor-widget-wrap elementor-element-populated\">\n\t\t\t\t\t\t<div class=\"elementor-element elementor-element-faf4cbb elementor-widget elementor-widget-text-editor\" data-id=\"faf4cbb\" data-element_type=\"widget\" data-e-type=\"widget\" data-widget_type=\"text-editor.default\">\n\t\t\t\t<div class=\"elementor-widget-container\">\n\t\t\t\t\t\t\t\t\t<h3>Hvordan booker man mig?<\/h3><p>Du kan l\u00e6se om priser og betingelser. De informationer finder du er <a href=\"https:\/\/www.larsl.dk\/index.php\/kontakt-larsl\/forretningsbetingelser\/\"><strong>HER<\/strong>.<\/a> Og s\u00e5 kan du bagefter sende mig en foresp\u00f8rgsel p\u00e5 en opgave <a href=\"https:\/\/www.larsl.dk\/index.php\/kontakt-larsl\/kontaktformular\/\"><strong>HER<\/strong>.<\/a><\/p>\t\t\t\t\t\t\t\t<\/div>\n\t\t\t\t<\/div>\n\t\t\t\t\t<\/div>\n\t\t<\/div>\n\t\t\t\t\t<\/div>\n\t\t<\/section>\n\t\t\t\t\t<\/div>\n\t\t<\/div>\n\t\t\t\t\t<\/div>\n\t\t<\/section>\n\t\t\t\t<\/div>\n\t\t","protected":false},"excerpt":{"rendered":"<p>Hvad er en god guidet tur? Sp\u00f8rger du mig, s\u00e5 er det eventyrlyst og feriestemning. Det er at bruge tiden p\u00e5 de bedste sev\u00e6rdigheder \u2013 og at h\u00f8re de gode historier der h\u00f8rer til dem. Min opgave som lokalguide er at s\u00f8rge for at I ikke g\u00e5r glip af det bedste mens I er ude [&hellip;]<\/p>\n","protected":false},"author":1,"featured_media":0,"parent":0,"menu_order":0,"comment_status":"closed","ping_status":"closed","template":"","meta":{"_eb_attr":"","footnotes":""},"class_list":["post-3321","page","type-page","status-publish","hentry"],"_links":{"self":[{"href":"https:\/\/www.larsl.dk\/index.php\/wp-json\/wp\/v2\/pages\/3321","targetHints":{"allow":["GET"]}}],"collection":[{"href":"https:\/\/www.larsl.dk\/index.php\/wp-json\/wp\/v2\/pages"}],"about":[{"href":"https:\/\/www.larsl.dk\/index.php\/wp-json\/wp\/v2\/types\/page"}],"author":[{"embeddable":true,"href":"https:\/\/www.larsl.dk\/index.php\/wp-json\/wp\/v2\/users\/1"}],"replies":[{"embeddable":true,"href":"https:\/\/www.larsl.dk\/index.php\/wp-json\/wp\/v2\/comments?post=3321"}],"version-history":[{"count":12,"href":"https:\/\/www.larsl.dk\/index.php\/wp-json\/wp\/v2\/pages\/3321\/revisions"}],"predecessor-version":[{"id":4671,"href":"https:\/\/www.larsl.dk\/index.php\/wp-json\/wp\/v2\/pages\/3321\/revisions\/4671"}],"wp:attachment":[{"href":"https:\/\/www.larsl.dk\/index.php\/wp-json\/wp\/v2\/media?parent=3321"}],"curies":[{"name":"wp","href":"https:\/\/api.w.org\/{rel}","templated":true}]}}