{"id":3333,"date":"2022-12-11T06:52:00","date_gmt":"2022-12-11T06:52:00","guid":{"rendered":"https:\/\/www.larsl.dk\/?page_id=3333"},"modified":"2023-01-18T04:03:50","modified_gmt":"2023-01-18T04:03:50","slug":"about","status":"publish","type":"page","link":"https:\/\/www.larsl.dk\/index.php\/about\/","title":{"rendered":"Om"},"content":{"rendered":"\t\t<div data-elementor-type=\"wp-page\" data-elementor-id=\"3333\" class=\"elementor elementor-3333\">\n\t\t\t\t\t\t<section class=\"elementor-section elementor-top-section elementor-element elementor-element-16f60e2 elementor-section-boxed elementor-section-height-default elementor-section-height-default\" data-id=\"16f60e2\" data-element_type=\"section\" data-e-type=\"section\">\n\t\t\t\t\t\t<div class=\"elementor-container elementor-column-gap-default\">\n\t\t\t\t\t<div class=\"elementor-column elementor-col-100 elementor-top-column elementor-element elementor-element-0ce8587\" data-id=\"0ce8587\" data-element_type=\"column\" data-e-type=\"column\">\n\t\t\t<div class=\"elementor-widget-wrap elementor-element-populated\">\n\t\t\t\t\t\t<div class=\"elementor-element elementor-element-64770d8 elementor-widget elementor-widget-heading\" data-id=\"64770d8\" data-element_type=\"widget\" data-e-type=\"widget\" data-widget_type=\"heading.default\">\n\t\t\t\t<div class=\"elementor-widget-container\">\n\t\t\t\t\t<h1 class=\"elementor-heading-title elementor-size-xl\">Om Lars - hvad er jeg for en fisk?<\/h1>\t\t\t\t<\/div>\n\t\t\t\t<\/div>\n\t\t\t\t<section class=\"elementor-section elementor-inner-section elementor-element elementor-element-c4a6d2b elementor-section-boxed elementor-section-height-default elementor-section-height-default\" data-id=\"c4a6d2b\" data-element_type=\"section\" data-e-type=\"section\">\n\t\t\t\t\t\t<div class=\"elementor-container elementor-column-gap-default\">\n\t\t\t\t\t<div class=\"elementor-column elementor-col-100 elementor-inner-column elementor-element elementor-element-4da9fba\" data-id=\"4da9fba\" data-element_type=\"column\" data-e-type=\"column\">\n\t\t\t<div class=\"elementor-widget-wrap elementor-element-populated\">\n\t\t\t\t\t\t<div class=\"elementor-element elementor-element-7b42938 elementor-widget elementor-widget-text-editor\" data-id=\"7b42938\" data-element_type=\"widget\" data-e-type=\"widget\" data-widget_type=\"text-editor.default\">\n\t\t\t\t<div class=\"elementor-widget-container\">\n\t\t\t\t\t\t\t\t\t<h2 style=\"text-align: center;\">Eventyrlyst og feriestemning er mit motto for opgaven.<\/h2><p>Jeg hedder Lars Larsen, og i \u00e5renes l\u00f8b har jeg suget en masse til mig. Det vil jeg gerne dele med mine g\u00e6ster. P\u00e5 billledet st\u00e5r jeg i Galway og er i gang med at fort\u00e6lle legenden om The Claddagh Ring. Guldsmedebutikken ses i baggrunden. Det er midt p\u00e5 g\u00e5gaden i den by, hvor det efter sigende skete: Galway p\u00e5 den irske vestkyst. Tak til Mette for fotoet. Uden dig havde jeg ikke haft et ordentligt billede. Der er nemlig beklageligt sn\u00e6vre gr\u00e6nser for hvad man kan med en selfiestick uden at g\u00f8re sig selv til grin.<\/p>\t\t\t\t\t\t\t\t<\/div>\n\t\t\t\t<\/div>\n\t\t\t\t<div class=\"elementor-element elementor-element-11621f4 elementor-widget elementor-widget-image\" data-id=\"11621f4\" data-element_type=\"widget\" data-e-type=\"widget\" data-widget_type=\"image.default\">\n\t\t\t\t<div class=\"elementor-widget-container\">\n\t\t\t\t\t\t\t\t\t\t\t\t\t\t\t<img fetchpriority=\"high\" decoding=\"async\" width=\"1197\" height=\"1028\" src=\"https:\/\/www.larsl.dk\/wp-content\/uploads\/2023\/01\/Lars-i-Galway.jpg\" class=\"attachment-full size-full wp-image-4640\" alt=\"\" srcset=\"https:\/\/www.larsl.dk\/wp-content\/uploads\/2023\/01\/Lars-i-Galway.jpg 1197w, https:\/\/www.larsl.dk\/wp-content\/uploads\/2023\/01\/Lars-i-Galway-300x258.jpg 300w, https:\/\/www.larsl.dk\/wp-content\/uploads\/2023\/01\/Lars-i-Galway-1024x879.jpg 1024w, https:\/\/www.larsl.dk\/wp-content\/uploads\/2023\/01\/Lars-i-Galway-768x660.jpg 768w\" sizes=\"(max-width: 1197px) 100vw, 1197px\" \/>\t\t\t\t\t\t\t\t\t\t\t\t\t\t\t<\/div>\n\t\t\t\t<\/div>\n\t\t\t\t<div class=\"elementor-element elementor-element-f943717 elementor-widget elementor-widget-text-editor\" data-id=\"f943717\" data-element_type=\"widget\" data-e-type=\"widget\" data-widget_type=\"text-editor.default\">\n\t\t\t\t<div class=\"elementor-widget-container\">\n\t\t\t\t\t\t\t\t\t<p>Vi skal ud og se verden sammen, og der skal f\u00f8lge gode historier med. Den om The Claddagh Ring er en v\u00e6rre en. Den er irsk og det hele foregik sent i det 17. \u00e5rhundrede hvis man alts\u00e5 tror p\u00e5 historien. Det er noget med k\u00e6rlighed, en helt ved navn James, pirater, fangenskab som slave hos hedningene i de varme lande, standhaftig k\u00e6rlighed, en k\u00e6reste der hed Mary og et fuldst\u00e6ndig syret happy end med patriotiske overtoner. Mere irsk kan det ikke blive.<\/p>\n<p>De sidste 11 \u00e5r har jeg boet p\u00e5 Fyn, og jeg synes at her er ualmindeligt dejligt at v\u00e6re. F\u00f8rst var vi i Lundeborg, som virkelig var et dejligt sted. Og nu i Odense, og det giver nogle fordele i forhold til trafik og rejser, for trods al sin sk\u00f8nhed ligger Lundeborg der hvor vejen ender. Jeg har ogs\u00e5 boet l\u00e6ngere tid i&nbsp; S\u00f8nderjylland, ogs\u00e5 i Ribe og \u00c5rhus og mine f\u00f8rste 12 \u00e5r tilbragte jeg i Glostrup.<\/p>\n<h3>Hvor arbejder jeg som lokalguide?<\/h3>\n<p>Jeg arbejder p\u00e5 timebasis som lokalguide. Det er mest p\u00e5 Fyn og Langeland. Ikke fordi jeg har noget imod resten af landet. Tv\u00e6rt imod. Ved l\u00e6ngere opgaver kan man med fordel bruge mig som rejseleder.<\/p>\n<h3>Hvor arbejder jeg som rejseleder?<\/h3>\n<p>Og som rejseleder arbejder jeg f\u00f8rst og fremmest i Europa. Skandinavien, England, Irland, Tyskland, \u00d8strig, Frankrig, Italien og Donaulandene &#8211; og i princippet ogs\u00e5 nogle flere. Om det er en flyrejse eller vi skal med tog, bus eller skib er ikke s\u00e5 vigtigt for mig. Bare turen er interessant. Og det er de, turene.<\/p>\n<h3>Hvad er mine styrker som guide\/rejseleder?<\/h3>\n<p>Min almene viden og mine sprogkundskaber. Jeg har samlet en del eksamensbeviser i tidens l\u00f8b. De vigtigste som rejseleder er nok en bachelor i historie og en cand. phil. i idehistorie. Og s\u00e5 har jeg lang erfaring fra voksenundervisning. Bare rolig, jeg pr\u00e6ker ikke n\u00e5r vi er ude &#8211; men jeg har l\u00e6rt at fort\u00e6lle en god historie og normalt arbejder jeg uden manuskript. Jeg har opbygget et godt lager af historier, og hvis jeg har brug for en ny, s\u00e5 ved jeg hvor man finder en i en sn\u00e6ver vending.<\/p>\t\t\t\t\t\t\t\t<\/div>\n\t\t\t\t<\/div>\n\t\t\t\t\t<\/div>\n\t\t<\/div>\n\t\t\t\t\t<\/div>\n\t\t<\/section>\n\t\t\t\t\t<\/div>\n\t\t<\/div>\n\t\t\t\t\t<\/div>\n\t\t<\/section>\n\t\t\t\t<\/div>\n\t\t","protected":false},"excerpt":{"rendered":"<p>Om Lars &#8211; hvad er jeg for en fisk? Eventyrlyst og feriestemning er mit motto for opgaven. Jeg hedder Lars Larsen, og i \u00e5renes l\u00f8b har jeg suget en masse til mig. Det vil jeg gerne dele med mine g\u00e6ster. P\u00e5 billledet st\u00e5r jeg i Galway og er i gang med at fort\u00e6lle legenden om [&hellip;]<\/p>\n","protected":false},"author":1,"featured_media":0,"parent":0,"menu_order":0,"comment_status":"closed","ping_status":"closed","template":"","meta":{"_eb_attr":"","footnotes":""},"class_list":["post-3333","page","type-page","status-publish","hentry"],"_links":{"self":[{"href":"https:\/\/www.larsl.dk\/index.php\/wp-json\/wp\/v2\/pages\/3333","targetHints":{"allow":["GET"]}}],"collection":[{"href":"https:\/\/www.larsl.dk\/index.php\/wp-json\/wp\/v2\/pages"}],"about":[{"href":"https:\/\/www.larsl.dk\/index.php\/wp-json\/wp\/v2\/types\/page"}],"author":[{"embeddable":true,"href":"https:\/\/www.larsl.dk\/index.php\/wp-json\/wp\/v2\/users\/1"}],"replies":[{"embeddable":true,"href":"https:\/\/www.larsl.dk\/index.php\/wp-json\/wp\/v2\/comments?post=3333"}],"version-history":[{"count":9,"href":"https:\/\/www.larsl.dk\/index.php\/wp-json\/wp\/v2\/pages\/3333\/revisions"}],"predecessor-version":[{"id":4710,"href":"https:\/\/www.larsl.dk\/index.php\/wp-json\/wp\/v2\/pages\/3333\/revisions\/4710"}],"wp:attachment":[{"href":"https:\/\/www.larsl.dk\/index.php\/wp-json\/wp\/v2\/media?parent=3333"}],"curies":[{"name":"wp","href":"https:\/\/api.w.org\/{rel}","templated":true}]}}