{"id":4581,"date":"2023-01-16T07:01:44","date_gmt":"2023-01-16T07:01:44","guid":{"rendered":"https:\/\/www.larsl.dk\/?page_id=4581"},"modified":"2023-01-16T07:48:12","modified_gmt":"2023-01-16T07:48:12","slug":"persondatapolitik","status":"publish","type":"page","link":"https:\/\/www.larsl.dk\/index.php\/kontakt-larsl\/persondatapolitik\/","title":{"rendered":"Persondatapolitik"},"content":{"rendered":"\t\t<div data-elementor-type=\"wp-page\" data-elementor-id=\"4581\" class=\"elementor elementor-4581\">\n\t\t\t\t\t\t<section class=\"elementor-section elementor-top-section elementor-element elementor-element-696dee96 elementor-section-boxed elementor-section-height-default elementor-section-height-default\" data-id=\"696dee96\" data-element_type=\"section\" data-e-type=\"section\">\n\t\t\t\t\t\t<div class=\"elementor-container elementor-column-gap-default\">\n\t\t\t\t\t<div class=\"elementor-column elementor-col-100 elementor-top-column elementor-element elementor-element-2ff796\" data-id=\"2ff796\" data-element_type=\"column\" data-e-type=\"column\">\n\t\t\t<div class=\"elementor-widget-wrap elementor-element-populated\">\n\t\t\t\t\t\t<section class=\"elementor-section elementor-inner-section elementor-element elementor-element-681c15cb elementor-section-boxed elementor-section-height-default elementor-section-height-default\" data-id=\"681c15cb\" data-element_type=\"section\" data-e-type=\"section\">\n\t\t\t\t\t\t<div class=\"elementor-container elementor-column-gap-default\">\n\t\t\t\t\t<div class=\"elementor-column elementor-col-100 elementor-inner-column elementor-element elementor-element-59a4d13b\" data-id=\"59a4d13b\" data-element_type=\"column\" data-e-type=\"column\">\n\t\t\t<div class=\"elementor-widget-wrap elementor-element-populated\">\n\t\t\t\t\t\t<div class=\"elementor-element elementor-element-22fd1043 elementor-widget elementor-widget-menu-anchor\" data-id=\"22fd1043\" data-element_type=\"widget\" data-e-type=\"widget\" data-widget_type=\"menu-anchor.default\">\n\t\t\t\t<div class=\"elementor-widget-container\">\n\t\t\t\t\t\t\t<div class=\"elementor-menu-anchor\" id=\"Persondatapolitik\"><\/div>\n\t\t\t\t\t\t<\/div>\n\t\t\t\t<\/div>\n\t\t\t\t<div class=\"elementor-element elementor-element-2abcb5c1 elementor-widget elementor-widget-heading\" data-id=\"2abcb5c1\" data-element_type=\"widget\" data-e-type=\"widget\" data-widget_type=\"heading.default\">\n\t\t\t\t<div class=\"elementor-widget-container\">\n\t\t\t\t\t<h2 class=\"elementor-heading-title elementor-size-default\">Persondatapolitik &amp; cookies - kort og enkelt<\/h2>\t\t\t\t<\/div>\n\t\t\t\t<\/div>\n\t\t\t\t<div class=\"elementor-element elementor-element-46769a23 elementor-widget elementor-widget-text-editor\" data-id=\"46769a23\" data-element_type=\"widget\" data-e-type=\"widget\" data-widget_type=\"text-editor.default\">\n\t\t\t\t<div class=\"elementor-widget-container\">\n\t\t\t\t\t\t\t\t\t<p>1) Jeg indsamler ikke data om bes\u00f8gende p\u00e5 hjemmesiden med henblik p\u00e5 marketing eller profilering.<\/p><p>2) De informationer du selv l\u00e6gger i kontaktformularen lander i min e-mail. Selvf\u00f8lgelig beholder jeg din e-mailadresse og dit telefonnummer s\u00e5 l\u00e6nge det er relevant. Uden dem kan jeg ikke svare dig.<\/p><p>3) Jeg videregiver ikke data om bes\u00f8gende til tredjepart.<\/p><p>3) Af tekniske grunde l\u00e6gger WordPress nogle gange cookies for at fungere. Jeg har ikke sat hjemmesiden op til at l\u00e6gge g\u00f8ge\u00e6g og jeg indsamler ikke informationer om dig.<\/p><p>Og s\u00e5 er den ikke l\u00e6ngere.<\/p>\t\t\t\t\t\t\t\t<\/div>\n\t\t\t\t<\/div>\n\t\t\t\t\t<\/div>\n\t\t<\/div>\n\t\t\t\t\t<\/div>\n\t\t<\/section>\n\t\t\t\t\t<\/div>\n\t\t<\/div>\n\t\t\t\t\t<\/div>\n\t\t<\/section>\n\t\t\t\t<\/div>\n\t\t","protected":false},"excerpt":{"rendered":"<p>Persondatapolitik &amp; cookies &#8211; kort og enkelt 1) Jeg indsamler ikke data om bes\u00f8gende p\u00e5 hjemmesiden med henblik p\u00e5 marketing eller profilering. 2) De informationer du selv l\u00e6gger i kontaktformularen lander i min e-mail. Selvf\u00f8lgelig beholder jeg din e-mailadresse og dit telefonnummer s\u00e5 l\u00e6nge det er relevant. Uden dem kan jeg ikke svare dig. 3) [&hellip;]<\/p>\n","protected":false},"author":1,"featured_media":0,"parent":4154,"menu_order":0,"comment_status":"closed","ping_status":"closed","template":"","meta":{"_eb_attr":"","footnotes":""},"class_list":["post-4581","page","type-page","status-publish","hentry"],"_links":{"self":[{"href":"https:\/\/www.larsl.dk\/index.php\/wp-json\/wp\/v2\/pages\/4581","targetHints":{"allow":["GET"]}}],"collection":[{"href":"https:\/\/www.larsl.dk\/index.php\/wp-json\/wp\/v2\/pages"}],"about":[{"href":"https:\/\/www.larsl.dk\/index.php\/wp-json\/wp\/v2\/types\/page"}],"author":[{"embeddable":true,"href":"https:\/\/www.larsl.dk\/index.php\/wp-json\/wp\/v2\/users\/1"}],"replies":[{"embeddable":true,"href":"https:\/\/www.larsl.dk\/index.php\/wp-json\/wp\/v2\/comments?post=4581"}],"version-history":[{"count":0,"href":"https:\/\/www.larsl.dk\/index.php\/wp-json\/wp\/v2\/pages\/4581\/revisions"}],"up":[{"embeddable":true,"href":"https:\/\/www.larsl.dk\/index.php\/wp-json\/wp\/v2\/pages\/4154"}],"wp:attachment":[{"href":"https:\/\/www.larsl.dk\/index.php\/wp-json\/wp\/v2\/media?parent=4581"}],"curies":[{"name":"wp","href":"https:\/\/api.w.org\/{rel}","templated":true}]}}