{"id":4589,"date":"2023-01-16T07:06:01","date_gmt":"2023-01-16T07:06:01","guid":{"rendered":"https:\/\/www.larsl.dk\/?page_id=4589"},"modified":"2023-01-16T07:48:19","modified_gmt":"2023-01-16T07:48:19","slug":"forretningsbetingelser","status":"publish","type":"page","link":"https:\/\/www.larsl.dk\/index.php\/kontakt-larsl\/forretningsbetingelser\/","title":{"rendered":"Priser og betingelser"},"content":{"rendered":"\t\t<div data-elementor-type=\"wp-page\" data-elementor-id=\"4589\" class=\"elementor elementor-4589\">\n\t\t\t\t\t\t<section class=\"elementor-section elementor-top-section elementor-element elementor-element-1c4ec47a elementor-section-boxed elementor-section-height-default elementor-section-height-default\" data-id=\"1c4ec47a\" data-element_type=\"section\" data-e-type=\"section\">\n\t\t\t\t\t\t<div class=\"elementor-container elementor-column-gap-default\">\n\t\t\t\t\t<div class=\"elementor-column elementor-col-100 elementor-top-column elementor-element elementor-element-6dcfc0c3\" data-id=\"6dcfc0c3\" data-element_type=\"column\" data-e-type=\"column\">\n\t\t\t<div class=\"elementor-widget-wrap elementor-element-populated\">\n\t\t\t\t\t\t<section class=\"elementor-section elementor-inner-section elementor-element elementor-element-5bf899d0 elementor-section-boxed elementor-section-height-default elementor-section-height-default\" data-id=\"5bf899d0\" data-element_type=\"section\" data-e-type=\"section\">\n\t\t\t\t\t\t<div class=\"elementor-container elementor-column-gap-default\">\n\t\t\t\t\t<div class=\"elementor-column elementor-col-100 elementor-inner-column elementor-element elementor-element-62848354\" data-id=\"62848354\" data-element_type=\"column\" data-e-type=\"column\">\n\t\t\t<div class=\"elementor-widget-wrap elementor-element-populated\">\n\t\t\t\t\t\t<div class=\"elementor-element elementor-element-2bb0a935 elementor-widget elementor-widget-heading\" data-id=\"2bb0a935\" data-element_type=\"widget\" data-e-type=\"widget\" data-widget_type=\"heading.default\">\n\t\t\t\t<div class=\"elementor-widget-container\">\n\t\t\t\t\t<h2 class=\"elementor-heading-title elementor-size-default\">Priser og betingelser<\/h2>\t\t\t\t<\/div>\n\t\t\t\t<\/div>\n\t\t\t\t\t<\/div>\n\t\t<\/div>\n\t\t\t\t\t<\/div>\n\t\t<\/section>\n\t\t\t\t\t<\/div>\n\t\t<\/div>\n\t\t\t\t\t<\/div>\n\t\t<\/section>\n\t\t\t\t<section class=\"elementor-section elementor-top-section elementor-element elementor-element-2c7754e8 elementor-section-boxed elementor-section-height-default elementor-section-height-default\" data-id=\"2c7754e8\" data-element_type=\"section\" data-e-type=\"section\">\n\t\t\t\t\t\t<div class=\"elementor-container elementor-column-gap-default\">\n\t\t\t\t\t<div class=\"elementor-column elementor-col-100 elementor-top-column elementor-element elementor-element-243cad3c\" data-id=\"243cad3c\" data-element_type=\"column\" data-e-type=\"column\">\n\t\t\t<div class=\"elementor-widget-wrap elementor-element-populated\">\n\t\t\t\t\t\t<section class=\"elementor-section elementor-inner-section elementor-element elementor-element-236e4011 elementor-section-boxed elementor-section-height-default elementor-section-height-default\" data-id=\"236e4011\" data-element_type=\"section\" data-e-type=\"section\">\n\t\t\t\t\t\t<div class=\"elementor-container elementor-column-gap-default\">\n\t\t\t\t\t<div class=\"elementor-column elementor-col-100 elementor-inner-column elementor-element elementor-element-316b172e\" data-id=\"316b172e\" data-element_type=\"column\" data-e-type=\"column\">\n\t\t\t<div class=\"elementor-widget-wrap elementor-element-populated\">\n\t\t\t\t\t\t<div class=\"elementor-element elementor-element-1142e368 elementor-widget elementor-widget-menu-anchor\" data-id=\"1142e368\" data-element_type=\"widget\" data-e-type=\"widget\" data-widget_type=\"menu-anchor.default\">\n\t\t\t\t<div class=\"elementor-widget-container\">\n\t\t\t\t\t\t\t<div class=\"elementor-menu-anchor\" id=\"Betingelser\"><\/div>\n\t\t\t\t\t\t<\/div>\n\t\t\t\t<\/div>\n\t\t\t\t<div class=\"elementor-element elementor-element-4682e64b elementor-widget elementor-widget-shortcode\" data-id=\"4682e64b\" data-element_type=\"widget\" data-e-type=\"widget\" data-widget_type=\"shortcode.default\">\n\t\t\t\t<div class=\"elementor-widget-container\">\n\t\t\t\t\t\t\t<div class=\"elementor-shortcode\">\n<table id=\"tablepress-1\" class=\"tablepress tablepress-id-1 tbody-has-connected-cells\">\n<thead>\n<tr class=\"row-1\">\n\t<th colspan=\"2\" class=\"column-1\"><h2 style=\"font-size: value;\"><center>Priser og betingelser 2023<center><\/h2><\/th>\n<\/tr>\n<\/thead>\n<tbody class=\"row-striping row-hover\">\n<tr class=\"row-2\">\n\t<td colspan=\"2\" class=\"column-1\"><p style=\"color:#005C94\";>Afvigelser fra standardbetingelserne skal fremg\u00e5 af bookingbekr\u00e6ftelsen. Med mindre andet er aftalt, s\u00e5 g\u00e6lder f\u00f8lgende:<\/p><\/td>\n<\/tr>\n<tr class=\"row-3\">\n\t<td class=\"column-1\"><h3 style=\"\"font-size: value;\"\"><center>Lokalguide, priser:<center><\/h3><\/td><td class=\"column-2\"><\/td>\n<\/tr>\n<tr class=\"row-4\">\n\t<td class=\"column-1\"><p style=\"color:#005C94\";>Den f\u00f8rste time:<\/p><\/td><td class=\"column-2\"><p style=\"color:#005C94; text-align:right\";>800,-<\/p><\/td>\n<\/tr>\n<tr class=\"row-5\">\n\t<td class=\"column-1\"><p style=\"color:#005C94\";>Pr. p\u00e5begyndt time herefter:<\/p><\/td><td class=\"column-2\"><p style=\"color:#005C94; text-align:right\";>500,-<\/p><\/td>\n<\/tr>\n<tr class=\"row-6\">\n\t<td class=\"column-1\"> <p style=\"color:#005C94\";>Hel dag, op til 12 timer:<\/p><\/td><td class=\"column-2\"><p style=\"color:#005C94; text-align:right\";>4000,-<\/p><\/td>\n<\/tr>\n<tr class=\"row-7\">\n\t<td class=\"column-1\"><p style=\"color:#005C94\";>Transportgodtg\u00f8relse til og fra m\u00f8dested efter den takst, der fremg\u00e5r af rejsekortet. Er der ikke rimelig og p\u00e5lidelig offentlig transport til m\u00f8destedet, s\u00e5 g\u00e6lder statens takster. I 2023 er dette 3,73 kr.\/km.<\/p><\/td><td class=\"column-2\"><\/td>\n<\/tr>\n<tr class=\"row-8\">\n\t<td class=\"column-1\"><h3 style=\"\"font-size: value;\"\"><center>Rejseleder, priser<center><\/h3><\/td><td class=\"column-2\"><\/td>\n<\/tr>\n<tr class=\"row-9\">\n\t<td class=\"column-1\"> <p style=\"color:#005C94\";>Korteste aftaleperiode:<\/p><\/td><td class=\"column-2\"><p style=\"color:#005C94\";>2 d\u00f8gn<\/p><\/td>\n<\/tr>\n<tr class=\"row-10\">\n\t<td class=\"column-1\"> <p style=\"color:#005C94\";>Dagshonorar:<\/p><\/td><td class=\"column-2\"><p style=\"color:#005C94\"; text-align:right;\">1750,-<\/p><\/td>\n<\/tr>\n<tr class=\"row-11\">\n\t<td class=\"column-1\"> <p style=\"color:#005C94\";>Fort\u00e6ring og logi p\u00e5 turen.<\/p><\/td><td class=\"column-2\"><\/td>\n<\/tr>\n<tr class=\"row-12\">\n\t<td class=\"column-1\"> <p style=\"color:#005C94\";>Forsikring i forbindelse med opgaven d\u00e6kkes af kunden.<\/p><\/td><td class=\"column-2\"><\/td>\n<\/tr>\n<tr class=\"row-13\">\n\t<td class=\"column-1\"> <p style=\"color:#005C94\";>Transportgodtg\u00f8relse: se ovenfor.<\/p><\/td><td class=\"column-2\"><\/td>\n<\/tr>\n<tr class=\"row-14\">\n\t<td class=\"column-1\"><h3 style=\"\"font-size: value;\"\"><center>Bookingbetingelser:<center><\/h3><\/td><td class=\"column-2\"><\/td>\n<\/tr>\n<tr class=\"row-15\">\n\t<td class=\"column-1\"><p style=\"color:#005C94\";>Ved booking forudbetales et depositum pr. opgave p\u00e5:<\/p><\/td><td class=\"column-2\"><p style=\"color:#005C94; text-align:right;\">500,-<\/p><\/td>\n<\/tr>\n<tr class=\"row-16\">\n\t<td colspan=\"2\" class=\"column-1\"><p style=\"color:#005C94\";>N\u00e5r opgaven er udf\u00f8rt modregnes fuldt ud depositum i fakturaen.<\/p><\/td>\n<\/tr>\n<tr class=\"row-17\">\n\t<td colspan=\"2\" class=\"column-1\"><p style=\"color:#005C94\";>En booking er bindende for begge parter n\u00e5r <br \/>\n1) opgavebekr\u00e6ftelsen er sendt og <br \/>\n2) depositum er betalt.<\/p><\/td>\n<\/tr>\n<tr class=\"row-18\">\n\t<td class=\"column-1\"><p style=\"color:#005C94\";>Der kan anvendes mobilepay eller bankoverf\u00f8rsel.<\/p><\/td><td class=\"column-2\"><\/td>\n<\/tr>\n<tr class=\"row-19\">\n\t<td class=\"column-1\"><h3 style=\"\"font-size: value;\"\"><center>Kunders aflysninger:<center><\/h3><\/td><td class=\"column-2\"><\/td>\n<\/tr>\n<tr class=\"row-20\">\n\t<td class=\"column-1\"><p style=\"color:#005C94\";><u>Lokalguide aflyses:<\/u><\/p><\/td><td class=\"column-2\"><\/td>\n<\/tr>\n<tr class=\"row-21\">\n\t<td colspan=\"2\" class=\"column-1\"><p style=\"color:#005C94\";>Ved aflysninger mindre end 4 uger f\u00f8r start forfalder depositum.<\/p><\/td>\n<\/tr>\n<tr class=\"row-22\">\n\t<td colspan=\"2\" class=\"column-1\"><p style=\"color:#005C94\";>Ved aflysninger mindre end 8 dage f\u00f8r start forfalder det fulde honorar.<\/p><\/td>\n<\/tr>\n<tr class=\"row-23\">\n\t<td class=\"column-1\"><p style=\"color:#005C94\";><u>Rejseleder aflyses:<\/u><\/p><\/td><td class=\"column-2\"><\/td>\n<\/tr>\n<tr class=\"row-24\">\n\t<td colspan=\"2\" class=\"column-1\"><p style=\"color:#005C94\";>Aflysning kan frit ske op til 4 uger f\u00f8r start.<\/p><\/td>\n<\/tr>\n<tr class=\"row-25\">\n\t<td colspan=\"2\" class=\"column-1\"><p style=\"color:#005C94\";>Ved aflysning mindre end 4 uger f\u00f8r start forfalder 50% af honoraret. <\/p><\/td>\n<\/tr>\n<tr class=\"row-26\">\n\t<td class=\"column-1\"><p style=\"color:#005C94\";>Ved aflysning mindre end 2 uger f\u00f8r start forfalder det fulde honorar.<\/p><\/td><td class=\"column-2\"><\/td>\n<\/tr>\n<tr class=\"row-27\">\n\t<td class=\"column-1\"><h3 style=\"\"font-size: value;\"\"><center>Larsl m\u00e5 aflyse:<center><\/h4><\/td><td class=\"column-2\"><\/td>\n<\/tr>\n<tr class=\"row-28\">\n\t<td class=\"column-1\"><p style=\"color:#005C94\";>Depositum refunderes fuldt ud.<\/p><\/td><td class=\"column-2\"><\/td>\n<\/tr>\n<\/tbody>\n<\/table>\n<!-- #tablepress-1 from cache --><\/div>\n\t\t\t\t\t\t<\/div>\n\t\t\t\t<\/div>\n\t\t\t\t\t<\/div>\n\t\t<\/div>\n\t\t\t\t\t<\/div>\n\t\t<\/section>\n\t\t\t\t\t<\/div>\n\t\t<\/div>\n\t\t\t\t\t<\/div>\n\t\t<\/section>\n\t\t\t\t<\/div>\n\t\t","protected":false},"excerpt":{"rendered":"<p>Priser og betingelser<\/p>\n","protected":false},"author":1,"featured_media":0,"parent":4154,"menu_order":0,"comment_status":"closed","ping_status":"closed","template":"","meta":{"_eb_attr":"","footnotes":""},"class_list":["post-4589","page","type-page","status-publish","hentry"],"_links":{"self":[{"href":"https:\/\/www.larsl.dk\/index.php\/wp-json\/wp\/v2\/pages\/4589","targetHints":{"allow":["GET"]}}],"collection":[{"href":"https:\/\/www.larsl.dk\/index.php\/wp-json\/wp\/v2\/pages"}],"about":[{"href":"https:\/\/www.larsl.dk\/index.php\/wp-json\/wp\/v2\/types\/page"}],"author":[{"embeddable":true,"href":"https:\/\/www.larsl.dk\/index.php\/wp-json\/wp\/v2\/users\/1"}],"replies":[{"embeddable":true,"href":"https:\/\/www.larsl.dk\/index.php\/wp-json\/wp\/v2\/comments?post=4589"}],"version-history":[{"count":0,"href":"https:\/\/www.larsl.dk\/index.php\/wp-json\/wp\/v2\/pages\/4589\/revisions"}],"up":[{"embeddable":true,"href":"https:\/\/www.larsl.dk\/index.php\/wp-json\/wp\/v2\/pages\/4154"}],"wp:attachment":[{"href":"https:\/\/www.larsl.dk\/index.php\/wp-json\/wp\/v2\/media?parent=4589"}],"curies":[{"name":"wp","href":"https:\/\/api.w.org\/{rel}","templated":true}]}}