{"id":4731,"date":"2023-01-18T05:35:19","date_gmt":"2023-01-18T05:35:19","guid":{"rendered":"https:\/\/www.larsl.dk\/?page_id=4731"},"modified":"2023-01-18T06:07:23","modified_gmt":"2023-01-18T06:07:23","slug":"hvem_bruger_mig","status":"publish","type":"page","link":"https:\/\/www.larsl.dk\/index.php\/rejseleder\/hvem_bruger_mig\/","title":{"rendered":"Hvem har jeg k\u00f8rt for som rejseleder?"},"content":{"rendered":"\t\t<div data-elementor-type=\"wp-page\" data-elementor-id=\"4731\" class=\"elementor elementor-4731\">\n\t\t\t\t\t\t<section class=\"elementor-section elementor-top-section elementor-element elementor-element-3fffb71 elementor-section-boxed elementor-section-height-default elementor-section-height-default\" data-id=\"3fffb71\" data-element_type=\"section\" data-e-type=\"section\">\n\t\t\t\t\t\t<div class=\"elementor-container elementor-column-gap-default\">\n\t\t\t\t\t<div class=\"elementor-column elementor-col-100 elementor-top-column elementor-element elementor-element-64070a6\" data-id=\"64070a6\" data-element_type=\"column\" data-e-type=\"column\">\n\t\t\t<div class=\"elementor-widget-wrap elementor-element-populated\">\n\t\t\t\t\t\t<div class=\"elementor-element elementor-element-5e1812e elementor-widget elementor-widget-heading\" data-id=\"5e1812e\" data-element_type=\"widget\" data-e-type=\"widget\" data-widget_type=\"heading.default\">\n\t\t\t\t<div class=\"elementor-widget-container\">\n\t\t\t\t\t<h2 class=\"elementor-heading-title elementor-size-default\">Hvem har jeg k\u00f8rt for som rejseleder?\nHvem har jeg aftaler med?<\/h2>\t\t\t\t<\/div>\n\t\t\t\t<\/div>\n\t\t\t\t<div class=\"elementor-element elementor-element-147729b elementor-widget elementor-widget-heading\" data-id=\"147729b\" data-element_type=\"widget\" data-e-type=\"widget\" data-widget_type=\"heading.default\">\n\t\t\t\t<div class=\"elementor-widget-container\">\n\t\t\t\t\t<h3 class=\"elementor-heading-title elementor-size-default\">I tilf\u00e6ldig orden<\/h3>\t\t\t\t<\/div>\n\t\t\t\t<\/div>\n\t\t\t\t<section class=\"elementor-section elementor-inner-section elementor-element elementor-element-74972f2 elementor-section-boxed elementor-section-height-default elementor-section-height-default\" data-id=\"74972f2\" data-element_type=\"section\" data-e-type=\"section\">\n\t\t\t\t\t\t<div class=\"elementor-container elementor-column-gap-default\">\n\t\t\t\t\t<div class=\"elementor-column elementor-col-33 elementor-inner-column elementor-element elementor-element-5de7b95\" data-id=\"5de7b95\" data-element_type=\"column\" data-e-type=\"column\">\n\t\t\t<div class=\"elementor-widget-wrap elementor-element-populated\">\n\t\t\t\t\t\t<div class=\"elementor-element elementor-element-5119a88 elementor-widget elementor-widget-text-editor\" data-id=\"5119a88\" data-element_type=\"widget\" data-e-type=\"widget\" data-widget_type=\"text-editor.default\">\n\t\t\t\t<div class=\"elementor-widget-container\">\n\t\t\t\t\t\t\t\t\t<pre>Best Travel<br \/><br \/>Gislev<br \/><br \/>Panter Rejser<\/pre>\t\t\t\t\t\t\t\t<\/div>\n\t\t\t\t<\/div>\n\t\t\t\t\t<\/div>\n\t\t<\/div>\n\t\t\t\t<div class=\"elementor-column elementor-col-33 elementor-inner-column elementor-element elementor-element-c96e551\" data-id=\"c96e551\" data-element_type=\"column\" data-e-type=\"column\">\n\t\t\t<div class=\"elementor-widget-wrap elementor-element-populated\">\n\t\t\t\t\t\t<div class=\"elementor-element elementor-element-f68e64a elementor-widget elementor-widget-text-editor\" data-id=\"f68e64a\" data-element_type=\"widget\" data-e-type=\"widget\" data-widget_type=\"text-editor.default\">\n\t\t\t\t<div class=\"elementor-widget-container\">\n\t\t\t\t\t\t\t\t\t<pre>Nilles<br \/><br \/>De Gr\u00e5 Busser<br \/><br \/>Ansager Turist<br \/><br \/>Nyborg Rejser<\/pre>\t\t\t\t\t\t\t\t<\/div>\n\t\t\t\t<\/div>\n\t\t\t\t\t<\/div>\n\t\t<\/div>\n\t\t\t\t<div class=\"elementor-column elementor-col-33 elementor-inner-column elementor-element elementor-element-1a468ee\" data-id=\"1a468ee\" data-element_type=\"column\" data-e-type=\"column\">\n\t\t\t<div class=\"elementor-widget-wrap elementor-element-populated\">\n\t\t\t\t\t\t<div class=\"elementor-element elementor-element-4144d89 elementor-widget elementor-widget-text-editor\" data-id=\"4144d89\" data-element_type=\"widget\" data-e-type=\"widget\" data-widget_type=\"text-editor.default\">\n\t\t\t\t<div class=\"elementor-widget-container\">\n\t\t\t\t\t\t\t\t\t<pre>Egons<br \/><br \/>Mols Rejser<br \/><br \/>Giba Travel<\/pre>\t\t\t\t\t\t\t\t<\/div>\n\t\t\t\t<\/div>\n\t\t\t\t\t<\/div>\n\t\t<\/div>\n\t\t\t\t\t<\/div>\n\t\t<\/section>\n\t\t\t\t<section class=\"elementor-section elementor-inner-section elementor-element elementor-element-7694019 elementor-section-boxed elementor-section-height-default elementor-section-height-default\" data-id=\"7694019\" data-element_type=\"section\" data-e-type=\"section\">\n\t\t\t\t\t\t<div class=\"elementor-container elementor-column-gap-default\">\n\t\t\t\t\t<div class=\"elementor-column elementor-col-100 elementor-inner-column elementor-element elementor-element-6dfb617\" data-id=\"6dfb617\" data-element_type=\"column\" data-e-type=\"column\">\n\t\t\t<div class=\"elementor-widget-wrap elementor-element-populated\">\n\t\t\t\t\t\t<div class=\"elementor-element elementor-element-8fd7822 elementor-widget elementor-widget-image\" data-id=\"8fd7822\" data-element_type=\"widget\" data-e-type=\"widget\" data-widget_type=\"image.default\">\n\t\t\t\t<div class=\"elementor-widget-container\">\n\t\t\t\t\t\t\t\t\t\t\t\t<figure class=\"wp-caption\">\n\t\t\t\t\t\t\t\t\t\t<img decoding=\"async\" src=\"https:\/\/www.larsl.dk\/wp-content\/uploads\/2023\/01\/aaland.jpg\" title=\"aaland\" alt=\"Mens vi venter p\u00e5 f\u00e6rgen g\u00e5r vi ud og kigger p\u00e5 et lille stykke af Aalands natur\" loading=\"lazy\" \/>\t\t\t\t\t\t\t\t\t\t\t<figcaption class=\"widget-image-caption wp-caption-text\">Lidt eventyr, meget ferie: mens vi venter p\u00e5 f\u00e6rgen snuser vi til Aalands natur.<\/figcaption>\n\t\t\t\t\t\t\t\t\t\t<\/figure>\n\t\t\t\t\t\t\t\t\t<\/div>\n\t\t\t\t<\/div>\n\t\t\t\t\t<\/div>\n\t\t<\/div>\n\t\t\t\t\t<\/div>\n\t\t<\/section>\n\t\t\t\t\t<\/div>\n\t\t<\/div>\n\t\t\t\t\t<\/div>\n\t\t<\/section>\n\t\t\t\t<\/div>\n\t\t","protected":false},"excerpt":{"rendered":"<p>Hvem har jeg k\u00f8rt for som rejseleder? Hvem har jeg aftaler med? I tilf\u00e6ldig orden Best TravelGislevPanter Rejser NillesDe Gr\u00e5 BusserAnsager TuristNyborg Rejser EgonsMols RejserGiba Travel Lidt eventyr, meget ferie: mens vi venter p\u00e5 f\u00e6rgen snuser vi til Aalands natur.<\/p>\n","protected":false},"author":1,"featured_media":0,"parent":3312,"menu_order":0,"comment_status":"closed","ping_status":"closed","template":"","meta":{"_eb_attr":"","footnotes":""},"class_list":["post-4731","page","type-page","status-publish","hentry"],"_links":{"self":[{"href":"https:\/\/www.larsl.dk\/index.php\/wp-json\/wp\/v2\/pages\/4731","targetHints":{"allow":["GET"]}}],"collection":[{"href":"https:\/\/www.larsl.dk\/index.php\/wp-json\/wp\/v2\/pages"}],"about":[{"href":"https:\/\/www.larsl.dk\/index.php\/wp-json\/wp\/v2\/types\/page"}],"author":[{"embeddable":true,"href":"https:\/\/www.larsl.dk\/index.php\/wp-json\/wp\/v2\/users\/1"}],"replies":[{"embeddable":true,"href":"https:\/\/www.larsl.dk\/index.php\/wp-json\/wp\/v2\/comments?post=4731"}],"version-history":[{"count":43,"href":"https:\/\/www.larsl.dk\/index.php\/wp-json\/wp\/v2\/pages\/4731\/revisions"}],"predecessor-version":[{"id":4777,"href":"https:\/\/www.larsl.dk\/index.php\/wp-json\/wp\/v2\/pages\/4731\/revisions\/4777"}],"up":[{"embeddable":true,"href":"https:\/\/www.larsl.dk\/index.php\/wp-json\/wp\/v2\/pages\/3312"}],"wp:attachment":[{"href":"https:\/\/www.larsl.dk\/index.php\/wp-json\/wp\/v2\/media?parent=4731"}],"curies":[{"name":"wp","href":"https:\/\/api.w.org\/{rel}","templated":true}]}}